{"id":1047,"date":"2021-03-18T20:15:14","date_gmt":"2021-03-19T00:15:14","guid":{"rendered":"https:\/\/theprogressives.ca\/?page_id=1047"},"modified":"2021-03-18T20:16:08","modified_gmt":"2021-03-19T00:16:08","slug":"avis-important","status":"publish","type":"page","link":"https:\/\/theprogressives.ca\/fr\/avis-important\/","title":{"rendered":"FR &#8211; Important Notice"},"content":{"rendered":"<section class=\"l-section wpb_row height_medium\"><div class=\"l-section-h i-cf\"><div class=\"g-cols vc_row via_flex valign_top type_default stacking_default\"><div class=\"vc_col-sm-12 wpb_column vc_column_container\"><div class=\"vc_column-inner\"><div class=\"wpb_wrapper\"><div class=\"wpb_text_column\"><div class=\"wpb_wrapper\"><h1>Avis important<\/h1>\n<\/div><\/div><div class=\"w-separator size_small\"><\/div><div class=\"wpb_text_column\"><div class=\"wpb_wrapper\"><p>Le pr\u00e9sent site Web a \u00e9t\u00e9 produit dans le but de fournir aux visiteurs un acc\u00e8s direct \u00e0 l\u2019information sur le travail des s\u00e9nateurs progressistes.<\/p>\n<p>Tous les textes affich\u00e9s ou autrement accessibles par le truchement du pr\u00e9sent site Web, dont les communiqu\u00e9s de presse, textes, photographies, images, illustrations et clips vid\u00e9o (collectivement appel\u00e9 le contenu) sont prot\u00e9g\u00e9s par la Loi sur le droit d\u2019auteur, les r\u00e8glements et accords internationaux connexes. Le contenu appartient au S\u00e9nat du Canada ou \u00e0 un tiers, tel qu\u2019indiqu\u00e9.<\/p>\n<p>Sauf indication contraire, le contenu peut \u00eatre utilis\u00e9 \u00e0 des fins didactiques, d\u2019\u00e9tude priv\u00e9e, de recherche, de critique, d\u2019examen ou de reportage sans l\u2019autorisation pr\u00e9alable \u00e9crite du forum des s\u00e9nateurs lib\u00e9raux, \u00e0 condition que le droit d\u2019auteur le prot\u00e9geant soit attribu\u00e9 au S\u00e9nat du Canada et que le contenu ne soit pas modifi\u00e9, pr\u00e9sent\u00e9 ou autrement utilis\u00e9 de mani\u00e8re \u00e0 en compromettre l\u2019exactitude et l\u2019int\u00e9grit\u00e9 ou \u00e0 porter atteinte \u00e0 la dignit\u00e9 du S\u00e9nat du Canada, de ses comit\u00e9s ou des s\u00e9nateurs. Toute autre utilisation int\u00e9grale ou partielle du contenu ou du site Web qui n\u2019est pas express\u00e9ment pr\u00e9vue ici et que le forum des s\u00e9nateurs lib\u00e9raux n\u2019a pas express\u00e9ment autoris\u00e9e par \u00e9crit est interdite.<\/p>\n<p>Il se peut que le contenu soit \u00e9galement prot\u00e9g\u00e9 par le privil\u00e8ge parlementaire, et l\u2019utilisateur est avis\u00e9 qu\u2019il peut en \u00eatre autrement de sa reproduction ou republication.<\/p>\n<p>Le contenu de ce site Web est mis \u00e0 jour r\u00e9guli\u00e8rement, mais il se peut qu\u2019il ne soit pas complet ou \u00e0 jour en tout temps. L\u2019acc\u00e8s au site Web et \u00e0 son contenu est fourni en l\u2019\u00e9tat.<\/p>\n<p>Les hyperliens \u00e0 des sites externes ou non affili\u00e9s sont fournis \u00e0 titre d\u2019information seulement. Le site web des s\u00e9nateurs progressistes n\u2019accepte aucune responsabilit\u00e9 pour le contenu ou les pratiques de ces sites. Des efforts sont faits pour assurer que ces hyperliens sont le plus \u00e0 jour possible, mais cela n\u2019est pas garanti.<\/p>\n<p>Le site web des s\u00e9nateurs progressistes respecte la vie priv\u00e9e des personnes qui visitent le site. Les renseignements personnels qu\u2019il recueille servent uniquement \u00e0 l\u2019objet pour lequel le visiteur les a fournis. Ces renseignements, ainsi que ceux susceptibles d\u2019\u00eatre collect\u00e9s, du seul fait qu\u2019une personne navigue sur le site, seront conserv\u00e9s conform\u00e9ment aux pratiques de gestion de l\u2019information, et ils pourraient \u00eatre utilis\u00e9s \u00e0 des fins de s\u00e9curit\u00e9 ou pour d\u2019autres raisons internes.<\/p>\n<p>Le site web des s\u00e9nateurs progressistes n\u2019est pas responsable des dommages pouvant \u00eatre caus\u00e9s par une inex\u00e9cution, une erreur, une omission, une interruption, une suppression, un d\u00e9faut, un d\u00e9lai d\u2019ex\u00e9cution ou de transmission, un virus informatique, une d\u00e9faillance de la ligne de transmission, un vol, une destruction ou un acc\u00e8s non autoris\u00e9 \u00e0 des renseignements, leur modification ou leur utilisation, quelle que soit la cause d\u2019action.<\/p>\n<\/div><\/div><\/div><\/div><\/div><\/div><\/div><\/section>\n","protected":false},"excerpt":{"rendered":"Avis important Le pr\u00e9sent site Web a \u00e9t\u00e9 produit dans le but de fournir aux visiteurs un acc\u00e8s direct \u00e0 l\u2019information sur le travail des s\u00e9nateurs progressistes. Tous les textes affich\u00e9s ou autrement accessibles par le truchement du pr\u00e9sent site Web, dont les communiqu\u00e9s de presse, textes, photographies, images, illustrations et clips vid\u00e9o (collectivement appel\u00e9...","protected":false},"author":1,"featured_media":0,"parent":0,"menu_order":0,"comment_status":"closed","ping_status":"closed","template":"","meta":{"_acf_changed":false,"footnotes":""},"class_list":["post-1047","page","type-page","status-publish","hentry"],"acf":[],"_links":{"self":[{"href":"https:\/\/theprogressives.ca\/fr\/wp-json\/wp\/v2\/pages\/1047","targetHints":{"allow":["GET"]}}],"collection":[{"href":"https:\/\/theprogressives.ca\/fr\/wp-json\/wp\/v2\/pages"}],"about":[{"href":"https:\/\/theprogressives.ca\/fr\/wp-json\/wp\/v2\/types\/page"}],"author":[{"embeddable":true,"href":"https:\/\/theprogressives.ca\/fr\/wp-json\/wp\/v2\/users\/1"}],"replies":[{"embeddable":true,"href":"https:\/\/theprogressives.ca\/fr\/wp-json\/wp\/v2\/comments?post=1047"}],"version-history":[{"count":0,"href":"https:\/\/theprogressives.ca\/fr\/wp-json\/wp\/v2\/pages\/1047\/revisions"}],"wp:attachment":[{"href":"https:\/\/theprogressives.ca\/fr\/wp-json\/wp\/v2\/media?parent=1047"}],"curies":[{"name":"wp","href":"https:\/\/api.w.org\/{rel}","templated":true}]}}